{"id":215,"date":"2017-08-07T13:36:54","date_gmt":"2017-08-07T13:36:54","guid":{"rendered":"http:\/\/christinezehntner.de\/?page_id=215"},"modified":"2019-02-15T14:45:38","modified_gmt":"2019-02-15T14:45:38","slug":"ausstellungen","status":"publish","type":"page","link":"https:\/\/christinezehntner.de\/?page_id=215","title":{"rendered":"Ausstellungen"},"content":{"rendered":"<h5>2018<\/h5>\n<ul>\n<li>ernst, Examensausstellung, Akademie der Bildenden K\u00fcnste M\u00fcnchen<\/li>\n<\/ul>\n<h5>2017<\/h5>\n<ul>\n<li><a href=\"https:\/\/christinezehntner.de\/?p=277\"><strong>Subzentrale<\/strong><\/a>, MaximiliansForum, M\u00fcnchen<br \/>\nInstallation und Aktion der Klasse Ingold AdBK M\u00fcnchen<\/li>\n<li><a href=\"https:\/\/christinezehntner.de\/?p=277\"><strong>SUB.TV<\/strong><\/a>, Jahresausstellung der Akademie der Bildenden K\u00fcnste M\u00fcnchen, Klasse Ingold<\/li>\n<\/ul>\n<h5>2015<\/h5>\n<ul>\n<li><a href=\"https:\/\/christinezehntner.de\/?p=182\"><strong>\u201cwhat\u2018s the deal?\u201d<\/strong><\/a> &#8211; A Transnational Project on Young Urban Cultures Kreativquartier M\u00fcnchen, Gruppenprojekt der Klasse Ingold AdBK M\u00fcnchen<\/li>\n<li><a href=\"https:\/\/christinezehntner.de\/?p=182\"><strong>Raumstation<\/strong><\/a>, Kunstpavillon Alter Botanischer Garten, M\u00fcnchen Gruppenprojekt der Klasse Ingold AdBK M\u00fcnchen<\/li>\n<\/ul>\n<h5>2014<\/h5>\n<ul>\n<li><a href=\"https:\/\/christinezehntner.de\/?p=149\"><strong>Jahresausstellung<\/strong><\/a> der Akademie der Bildenden K\u00fcnste M\u00fcnchen, Klasse Ingold<\/li>\n<li><a href=\"https:\/\/christinezehntner.de\/?p=142\"><strong>Parsonopolis<\/strong><\/a> Urbane Feldforschung, Neuer Paffenhofener Kunstverein Ausstellung der Klasse Ingold AdBK M\u00fcnchen<\/li>\n<li><a href=\"https:\/\/christinezehntner.de\/?p=142\"><strong>COOL WALKS &amp; COOLTAILS<\/strong><\/a>, MaximiliansForum, M\u00fcnchen Aktion der Klasse Ingold AdBK M\u00fcnchen<\/li>\n<\/ul>\n<h5>2013<\/h5>\n<ul>\n<li><strong>In der Schwebe<\/strong>: Arbeiten Studierender der Professur f\u00fcr Kunstp\u00e4dagogik im Foyer der Zentralbibliothek der Universit\u00e4t Passau<\/li>\n<\/ul>\n<h5>2012<\/h5>\n<ul>\n<li><a href=\"https:\/\/christinezehntner.de\/?p=81\"><strong>Bronzeguss-Sachzeichnung<\/strong><\/a>: Arbeiten Studierender der Professur f\u00fcr Kunstp\u00e4dagogik im Foyer der Zentralbibliothek der Universit\u00e4t Passau<\/li>\n<\/ul>\n<h5>2011<\/h5>\n<ul>\n<li><strong>Schattenbilder<\/strong>: Arbeiten Studierender der Professur f\u00fcr Kunstp\u00e4dagogik im Foyer der Zentralbibliothek der Universit\u00e4t Passau<\/li>\n<\/ul>\n<p>&nbsp;<\/p>\n","protected":false},"excerpt":{"rendered":"<p>2018 ernst, Examensausstellung, Akademie der Bildenden K\u00fcnste M\u00fcnchen 2017 Subzentrale, MaximiliansForum, M\u00fcnchen Installation und Aktion der Klasse Ingold AdBK M\u00fcnchen SUB.TV, Jahresausstellung der Akademie der Bildenden K\u00fcnste M\u00fcnchen,&#8230;<\/p>\n","protected":false},"author":1,"featured_media":0,"parent":0,"menu_order":0,"comment_status":"closed","ping_status":"closed","template":"","meta":{"footnotes":""},"class_list":["post-215","page","type-page","status-publish","hentry"],"_links":{"self":[{"href":"https:\/\/christinezehntner.de\/index.php?rest_route=\/wp\/v2\/pages\/215","targetHints":{"allow":["GET"]}}],"collection":[{"href":"https:\/\/christinezehntner.de\/index.php?rest_route=\/wp\/v2\/pages"}],"about":[{"href":"https:\/\/christinezehntner.de\/index.php?rest_route=\/wp\/v2\/types\/page"}],"author":[{"embeddable":true,"href":"https:\/\/christinezehntner.de\/index.php?rest_route=\/wp\/v2\/users\/1"}],"replies":[{"embeddable":true,"href":"https:\/\/christinezehntner.de\/index.php?rest_route=%2Fwp%2Fv2%2Fcomments&post=215"}],"version-history":[{"count":11,"href":"https:\/\/christinezehntner.de\/index.php?rest_route=\/wp\/v2\/pages\/215\/revisions"}],"predecessor-version":[{"id":461,"href":"https:\/\/christinezehntner.de\/index.php?rest_route=\/wp\/v2\/pages\/215\/revisions\/461"}],"wp:attachment":[{"href":"https:\/\/christinezehntner.de\/index.php?rest_route=%2Fwp%2Fv2%2Fmedia&parent=215"}],"curies":[{"name":"wp","href":"https:\/\/api.w.org\/{rel}","templated":true}]}}