{"id":2,"date":"2016-05-10T03:48:21","date_gmt":"2016-05-10T03:48:21","guid":{"rendered":"http:\/\/christinezehntner.de\/?page_id=2"},"modified":"2019-02-15T14:39:16","modified_gmt":"2019-02-15T14:39:16","slug":"sample-page","status":"publish","type":"page","link":"https:\/\/christinezehntner.de\/?page_id=2","title":{"rendered":"Biografie"},"content":{"rendered":"<h4><strong>Christine Zehntner<\/strong><\/h4>\n<h5><img loading=\"lazy\" decoding=\"async\" class=\"wp-image-238 size-medium alignnone\" src=\"http:\/\/christinezehntner.de\/wp-content\/uploads\/2016\/05\/ChristineZehntner-258x300.png\" alt=\"\" width=\"258\" height=\"300\" srcset=\"https:\/\/christinezehntner.de\/wp-content\/uploads\/2016\/05\/ChristineZehntner-258x300.png 258w, https:\/\/christinezehntner.de\/wp-content\/uploads\/2016\/05\/ChristineZehntner-768x894.png 768w, https:\/\/christinezehntner.de\/wp-content\/uploads\/2016\/05\/ChristineZehntner-879x1024.png 879w, https:\/\/christinezehntner.de\/wp-content\/uploads\/2016\/05\/ChristineZehntner-508x592.png 508w, https:\/\/christinezehntner.de\/wp-content\/uploads\/2016\/05\/ChristineZehntner.png 936w\" sizes=\"auto, (max-width: 258px) 100vw, 258px\" \/><\/h5>\n<ul>\n<li><strong>2013-2018<\/strong><br \/>\nStudium an der Akademie der Bildenden K\u00fcnste M\u00fcnchen bei Professor Res Ingold, Abschluss mit dem Ersten Staatsexamen in Kunstp\u00e4dagogik<\/li>\n<li><strong>2016\/17<\/strong><br \/>\nAuslandssemester an der Accademia di Belle Arti di Firenze im Masterstudiengang Arti visive e nuovi linguaggi espressivi<br \/>\nFlorenz, Italien<\/li>\n<li><strong>2010-2013\u00a0<\/strong><br \/>\nStudium an der Universit\u00e4t Passau, Kunstp\u00e4dagogik<\/li>\n<li><strong>2009<\/strong><br \/>\nAbitur am Gymnasium Leopoldinum, Passau<\/li>\n<li><strong>1989\u00a0<\/strong><br \/>\nin Passau geboren<\/li>\n<\/ul>\n<p>&nbsp;<\/p>\n<p>&nbsp;<\/p>\n<p>&nbsp;<\/p>\n<p><span style=\"font-family: Times New Roman,serif;\">\u00a0<\/span><\/p>\n<p><span style=\"font-family: Times New Roman,serif;\">\u00a0<\/span><\/p>\n<p>&nbsp;<\/p>\n<p>&nbsp;<\/p>\n<p>&nbsp;<\/p>\n<p>&nbsp;<\/p>\n","protected":false},"excerpt":{"rendered":"<p>Christine Zehntner 2013-2018 Studium an der Akademie der Bildenden K\u00fcnste M\u00fcnchen bei Professor Res Ingold, Abschluss mit dem Ersten Staatsexamen in Kunstp\u00e4dagogik 2016\/17 Auslandssemester an der Accademia di&#8230;<\/p>\n","protected":false},"author":1,"featured_media":0,"parent":0,"menu_order":0,"comment_status":"closed","ping_status":"open","template":"","meta":{"footnotes":""},"class_list":["post-2","page","type-page","status-publish","hentry"],"_links":{"self":[{"href":"https:\/\/christinezehntner.de\/index.php?rest_route=\/wp\/v2\/pages\/2","targetHints":{"allow":["GET"]}}],"collection":[{"href":"https:\/\/christinezehntner.de\/index.php?rest_route=\/wp\/v2\/pages"}],"about":[{"href":"https:\/\/christinezehntner.de\/index.php?rest_route=\/wp\/v2\/types\/page"}],"author":[{"embeddable":true,"href":"https:\/\/christinezehntner.de\/index.php?rest_route=\/wp\/v2\/users\/1"}],"replies":[{"embeddable":true,"href":"https:\/\/christinezehntner.de\/index.php?rest_route=%2Fwp%2Fv2%2Fcomments&post=2"}],"version-history":[{"count":6,"href":"https:\/\/christinezehntner.de\/index.php?rest_route=\/wp\/v2\/pages\/2\/revisions"}],"predecessor-version":[{"id":460,"href":"https:\/\/christinezehntner.de\/index.php?rest_route=\/wp\/v2\/pages\/2\/revisions\/460"}],"wp:attachment":[{"href":"https:\/\/christinezehntner.de\/index.php?rest_route=%2Fwp%2Fv2%2Fmedia&parent=2"}],"curies":[{"name":"wp","href":"https:\/\/api.w.org\/{rel}","templated":true}]}}